{"id":6128,"date":"2018-04-05T10:40:05","date_gmt":"2018-04-05T10:40:05","guid":{"rendered":"https:\/\/ilgirasole.info\/meat\/"},"modified":"2026-02-19T10:11:45","modified_gmt":"2026-02-19T10:11:45","slug":"meat","status":"publish","type":"page","link":"https:\/\/ilgirasole.info\/en\/meat\/","title":{"rendered":"Meat"},"content":{"rendered":"\t\t<div data-elementor-type=\"wp-page\" data-elementor-id=\"6128\" class=\"elementor elementor-6128 elementor-738\">\n\t\t\t\t\t\t<section class=\"elementor-section elementor-top-section elementor-element elementor-element-5d847fa elementor-section-full_width elementor-section-height-default elementor-section-height-default mkdf-parallax-row-no mkdf-content-aligment-left mkdf-elementor-row-grid-no mkdf-disabled-bg-image-bellow-no\" data-id=\"5d847fa\" data-element_type=\"section\" data-e-type=\"section\">\n\t\t\t\t\t\t<div class=\"elementor-container elementor-column-gap-default\">\n\t\t\t\t\t<div class=\"elementor-column elementor-col-100 elementor-top-column elementor-element elementor-element-42f3018\" data-id=\"42f3018\" data-element_type=\"column\" data-e-type=\"column\">\n\t\t\t<div class=\"elementor-widget-wrap elementor-element-populated\">\n\t\t\t\t\t\t<div class=\"elementor-element elementor-element-647feaf elementor-widget elementor-widget-mkdf_vertical_split_slider\" data-id=\"647feaf\" data-element_type=\"widget\" data-e-type=\"widget\" data-widget_type=\"mkdf_vertical_split_slider.default\">\n\t\t\t\t<div class=\"elementor-widget-container\">\n\t\t\t\t\t\t\t<div class=\"mkdf-vertical-split-slider \">\n\t\t\t<div class=\"mkdf-vss-ms-left\">\n\t\t\t\t<div class=\"mkdf-vss-ms-section\"  style=\"background-image: url(https:\/\/ilgirasole.info\/wp-content\/uploads\/2025\/06\/1.jpg);text-align: center\">\n    <\/div><div class=\"mkdf-vss-ms-section\" data-header-style=\"light\" style=\"background-image: url(https:\/\/ilgirasole.info\/wp-content\/uploads\/2025\/07\/il-girasole-sirmione-piatti-gourmet.jpg)\">\n    <\/div><div class=\"mkdf-vss-ms-section\"  style=\"background-color: #F7F8F9\">\n    \t\t<div data-elementor-type=\"section\" data-elementor-id=\"5417\" class=\"elementor elementor-5417\">\n\t\t\t\t\t\t<section class=\"elementor-section elementor-top-section elementor-element elementor-element-434a4cb elementor-section-boxed elementor-section-height-default elementor-section-height-default mkdf-parallax-row-no mkdf-content-aligment-left mkdf-elementor-row-grid-no mkdf-disabled-bg-image-bellow-no\" data-id=\"434a4cb\" data-element_type=\"section\" data-e-type=\"section\">\n\t\t\t\t\t\t<div class=\"elementor-container elementor-column-gap-default\">\n\t\t\t\t\t<div class=\"elementor-column elementor-col-100 elementor-top-column elementor-element elementor-element-608cbc8\" data-id=\"608cbc8\" data-element_type=\"column\" data-e-type=\"column\">\n\t\t\t<div class=\"elementor-widget-wrap elementor-element-populated\">\n\t\t\t\t\t\t<div class=\"elementor-element elementor-element-81791f0 elementor-widget elementor-widget-mkdf_info_section\" data-id=\"81791f0\" data-element_type=\"widget\" data-e-type=\"widget\" data-widget_type=\"mkdf_info_section.default\">\n\t\t\t\t<div class=\"elementor-widget-container\">\n\t\t\t\t\t<div class=\"mkdf-info-section  mkdf-dark mkdf-center\">\n\n            <var class=\"mkdf-is-background-text\" style=\"font-size:225px\" id=\"mkdf-is-background-text-978\" >\n        Carne        <\/var>\n    \n    <div class=\"mkdf-is-inner\" style=\"padding-top:112.5px;width:100%\">\n\n                    <h5 class=\"mkdf-is-subtitle\">\n            Freschezza che dura            <\/h5>\n        \n                    <h3 class=\"mkdf-is-title\">\n            Conserviamo il gusto            <\/h3>\n        \n                    <p class=\"mkdf-is-text\">\n            Utilizziamo tecniche di conservazione avanzate per mantenere intatte le propriet\u00e0 organolettiche della carne. Dalla refrigerazione alla frollatura, ogni fase \u00e8 calibrata per offrire un prodotto sempre fresco, sicuro e pronto a dare il meglio in cucina.\n\n            <\/p>\n        \n        \n    <\/div>\n<\/div>\t\t\t\t<\/div>\n\t\t\t\t<\/div>\n\t\t\t\t\t<\/div>\n\t\t<\/div>\n\t\t\t\t\t<\/div>\n\t\t<\/section>\n\t\t\t\t<\/div>\n\t\t<\/div>\t\t\t<\/div>\n\n\t\t\t<div class=\"mkdf-vss-ms-right\">\n\t\t\t\t<div class=\"mkdf-vss-ms-section\"  >\n    \t\t<div data-elementor-type=\"section\" data-elementor-id=\"5068\" class=\"elementor elementor-5068\">\n\t\t\t\t\t\t<section class=\"elementor-section elementor-top-section elementor-element elementor-element-b04669b elementor-section-boxed elementor-section-height-default elementor-section-height-default mkdf-parallax-row-no mkdf-content-aligment-left mkdf-elementor-row-grid-no mkdf-disabled-bg-image-bellow-no\" data-id=\"b04669b\" data-element_type=\"section\" data-e-type=\"section\">\n\t\t\t\t\t\t<div class=\"elementor-container elementor-column-gap-default\">\n\t\t\t\t\t<div class=\"elementor-column elementor-col-100 elementor-top-column elementor-element elementor-element-95727b0\" data-id=\"95727b0\" data-element_type=\"column\" data-e-type=\"column\">\n\t\t\t<div class=\"elementor-widget-wrap elementor-element-populated\">\n\t\t\t\t\t\t<div class=\"elementor-element elementor-element-217f982 elementor-widget elementor-widget-mkdf_info_section\" data-id=\"217f982\" data-element_type=\"widget\" data-e-type=\"widget\" data-widget_type=\"mkdf_info_section.default\">\n\t\t\t\t<div class=\"elementor-widget-container\">\n\t\t\t\t\t<div class=\"mkdf-info-section  mkdf-dark mkdf-center\">\n\n            <var class=\"mkdf-is-background-text\" style=\"font-size:225px\" id=\"mkdf-is-background-text-15\" >\n        Carne        <\/var>\n    \n    <div class=\"mkdf-is-inner\" style=\"padding-top:112.5px;width:100%\">\n\n                    <h5 class=\"mkdf-is-subtitle\">\n            Origine certificata, qualit\u00e0 ineguagliabile            <\/h5>\n        \n                    <h3 class=\"mkdf-is-title\">\n            Solo carni selezionate            <\/h3>\n        \n                    <p class=\"mkdf-is-text\">\n            Scegliamo solo carni provenienti da allevamenti controllati, dove il benessere animale \u00e8 una priorit\u00e0 e la tracciabilit\u00e0 \u00e8 garantita. Ogni taglio nasce da una selezione attenta, per portare in tavola sapore autentico e sicurezza alimentare.            <\/p>\n        \n        \n    <\/div>\n<\/div>\t\t\t\t<\/div>\n\t\t\t\t<\/div>\n\t\t\t\t\t<\/div>\n\t\t<\/div>\n\t\t\t\t\t<\/div>\n\t\t<\/section>\n\t\t\t\t<\/div>\n\t\t<\/div><div class=\"mkdf-vss-ms-section\"  >\n    \t\t<div data-elementor-type=\"section\" data-elementor-id=\"5258\" class=\"elementor elementor-5258\">\n\t\t\t\t\t\t<section class=\"elementor-section elementor-top-section elementor-element elementor-element-eb5f57d elementor-section-boxed elementor-section-height-default elementor-section-height-default mkdf-parallax-row-no mkdf-content-aligment-left mkdf-elementor-row-grid-no mkdf-disabled-bg-image-bellow-no\" data-id=\"eb5f57d\" data-element_type=\"section\" data-e-type=\"section\">\n\t\t\t\t\t\t<div class=\"elementor-container elementor-column-gap-default\">\n\t\t\t\t\t<div class=\"elementor-column elementor-col-100 elementor-top-column elementor-element elementor-element-8eaf666\" data-id=\"8eaf666\" data-element_type=\"column\" data-e-type=\"column\">\n\t\t\t<div class=\"elementor-widget-wrap elementor-element-populated\">\n\t\t\t\t\t\t<div class=\"elementor-element elementor-element-33b3fdd elementor-widget elementor-widget-mkdf_info_section\" data-id=\"33b3fdd\" data-element_type=\"widget\" data-e-type=\"widget\" data-widget_type=\"mkdf_info_section.default\">\n\t\t\t\t<div class=\"elementor-widget-container\">\n\t\t\t\t\t<div class=\"mkdf-info-section  mkdf-dark mkdf-center\">\n\n            <var class=\"mkdf-is-background-text\" style=\"font-size:225px\" id=\"mkdf-is-background-text-503\" >\n        Carne        <\/var>\n    \n    <div class=\"mkdf-is-inner\" style=\"padding-top:112.5px;width:100%\">\n\n                    <h5 class=\"mkdf-is-subtitle\">\n            Ogni gesto conta, ogni dettaglio fa la differenza            <\/h5>\n        \n                    <h3 class=\"mkdf-is-title\">\n            L&#039;arte del taglio            <\/h3>\n        \n                    <p class=\"mkdf-is-text\">\n            Lavoriamo la carne con precisione artigianale: ogni pezzo viene trattato con rispetto per esaltare consistenza e gusto. La cura nel taglio non \u00e8 solo tecnica, \u00e8 cultura: per valorizzare ogni singola fibra e preparare esperienze di gusto indimenticabili.            <\/p>\n        \n        \n    <\/div>\n<\/div>\t\t\t\t<\/div>\n\t\t\t\t<\/div>\n\t\t\t\t\t<\/div>\n\t\t<\/div>\n\t\t\t\t\t<\/div>\n\t\t<\/section>\n\t\t\t\t<\/div>\n\t\t<\/div><div class=\"mkdf-vss-ms-section\"  style=\"background-image: url(https:\/\/ilgirasole.info\/wp-content\/uploads\/2025\/06\/3.jpg)\">\n    <\/div>\t\t\t<\/div>\n\t\t\t<div class=\"mkdf-vss-horizontal-mask\"><\/div>\n\t\t\t<div class=\"mkdf-vss-vertical-mask\"><\/div>\n\t\t<\/div>\n\t\t\t\t\t\t<\/div>\n\t\t\t\t<\/div>\n\t\t\t\t\t<\/div>\n\t\t<\/div>\n\t\t\t\t\t<\/div>\n\t\t<\/section>\n\t\t\t\t<\/div>\n\t\t","protected":false},"excerpt":{"rendered":"<p>Carne Freschezza che dura Conserviamo il gusto Utilizziamo tecniche di conservazione avanzate per mantenere intatte le propriet\u00e0 organolettiche della carne. Dalla refrigerazione alla frollatura, ogni fase \u00e8 calibrata per offrire un prodotto sempre fresco, sicuro e pronto a dare il [&hellip;]<\/p>\n","protected":false},"author":1,"featured_media":0,"parent":0,"menu_order":0,"comment_status":"closed","ping_status":"closed","template":"full-width.php","meta":{"footnotes":""},"class_list":["post-6128","page","type-page","status-publish","hentry"],"_links":{"self":[{"href":"https:\/\/ilgirasole.info\/en\/wp-json\/wp\/v2\/pages\/6128","targetHints":{"allow":["GET"]}}],"collection":[{"href":"https:\/\/ilgirasole.info\/en\/wp-json\/wp\/v2\/pages"}],"about":[{"href":"https:\/\/ilgirasole.info\/en\/wp-json\/wp\/v2\/types\/page"}],"author":[{"embeddable":true,"href":"https:\/\/ilgirasole.info\/en\/wp-json\/wp\/v2\/users\/1"}],"replies":[{"embeddable":true,"href":"https:\/\/ilgirasole.info\/en\/wp-json\/wp\/v2\/comments?post=6128"}],"version-history":[{"count":1,"href":"https:\/\/ilgirasole.info\/en\/wp-json\/wp\/v2\/pages\/6128\/revisions"}],"predecessor-version":[{"id":6133,"href":"https:\/\/ilgirasole.info\/en\/wp-json\/wp\/v2\/pages\/6128\/revisions\/6133"}],"wp:attachment":[{"href":"https:\/\/ilgirasole.info\/en\/wp-json\/wp\/v2\/media?parent=6128"}],"curies":[{"name":"wp","href":"https:\/\/api.w.org\/{rel}","templated":true}]}}